{"id":30867,"date":"2024-07-19T15:00:29","date_gmt":"2024-07-19T13:00:29","guid":{"rendered":"https:\/\/www.difrens.com\/product\/womens-merino-rib-short-sleeve-t-shirt-powder-pink\/"},"modified":"2026-03-01T00:14:07","modified_gmt":"2026-02-28T23:14:07","slug":"womens-merino-rib-short-sleeve-t-shirt-powder-pink","status":"publish","type":"product","link":"https:\/\/www.difrens.com\/en\/product\/womens-merino-rib-short-sleeve-t-shirt-powder-pink\/","title":{"rendered":"Women&#8217;s merino rib short-sleeve T-shirt powder pink"},"content":{"rendered":"<p><strong>Materials:<\/strong> 100% merino wool<br \/>\n<strong>Fabric weight:<\/strong> 210 g\/m\u00b2<br \/>\n<strong>Fiber diameter:<\/strong> 18,5 \u03bcm<br \/>\n<strong>Origin of the fabric<\/strong>: Made in Australia using yarn guaranteed to come from New Zealand and Australian merino sheep farmers. Meets the Responsible Wool Standard (RWS) for the welfare of the sheep and the land they graze on and OEKO-TEX 100, which guarantees that the material is free from harmful chemicals. <\/p>\n<p><strong>Fit and Sizes<br \/>\n<\/strong>Fit: Slim, extra stretch rib knit<br \/>\nModel in photo: height 172 cm, weight 64 kg, chest 89 cm, waist 75 cm, hip 93 cm. Model is wearing size S. <\/p>\n<p>Designed and made in Slovakia.<\/p>\n","protected":false},"excerpt":{"rendered":"<p>Universal women&#8217;s short-sleeve t-shirt made of 100% merino wool. It is made of extremely elastic rib knit, has a slim fit and endless year-round use. For sports, travel and new adventures as a base or main layer. It will also be your elegant minimalist piece to pair with trousers or a skirt.   <\/p>\n<p><strong>Premium fabric<\/strong> | <strong>Free returns<\/strong><\/p>\n","protected":false},"featured_media":30868,"comment_status":"open","ping_status":"closed","template":"","meta":{"_acf_changed":false,"_monsterinsights_skip_tracking":false,"_monsterinsights_sitenote_active":false,"_monsterinsights_sitenote_note":"","_monsterinsights_sitenote_category":0},"product_cat":[444,443,445,442,431,343],"product_tag":[],"acf":[],"yoast_head":"<!-- This site is optimized with the Yoast SEO plugin v22.8 - https:\/\/yoast.com\/wordpress\/plugins\/seo\/ -->\n<title>Women&#039;s merino rib short-sleeve T-shirt powder pink - difrens.com<\/title>\n<meta name=\"robots\" content=\"index, follow, max-snippet:-1, max-image-preview:large, max-video-preview:-1\" \/>\n<link rel=\"canonical\" href=\"https:\/\/www.difrens.com\/en\/product\/womens-merino-rib-short-sleeve-t-shirt-powder-pink\/\" \/>\n<meta property=\"og:locale\" content=\"en_US\" \/>\n<meta property=\"og:type\" content=\"article\" \/>\n<meta property=\"og:title\" content=\"Women&#039;s merino rib short-sleeve T-shirt powder pink - difrens.com\" \/>\n<meta property=\"og:description\" content=\"Universal women&#039;s short-sleeve t-shirt made of 100% merino wool. It is made of extremely elastic rib knit, has a slim fit and endless year-round use. For sports, travel and new adventures as a base or main layer. It will also be your elegant minimalist piece to pair with trousers or a skirt.   Premium fabric | Free returns\" \/>\n<meta property=\"og:url\" content=\"https:\/\/www.difrens.com\/en\/product\/womens-merino-rib-short-sleeve-t-shirt-powder-pink\/\" \/>\n<meta property=\"og:site_name\" content=\"difrens.com\" \/>\n<meta property=\"article:publisher\" content=\"https:\/\/www.facebook.com\/seasonsnow.eu\" \/>\n<meta property=\"article:modified_time\" content=\"2026-02-28T23:14:07+00:00\" \/>\n<meta property=\"og:image\" content=\"https:\/\/www.difrens.com\/wp-content\/uploads\/2024\/05\/Navrhova-plocha-2Artboard-3.jpg\" \/>\n\t<meta property=\"og:image:width\" content=\"857\" \/>\n\t<meta property=\"og:image:height\" content=\"1102\" \/>\n\t<meta property=\"og:image:type\" content=\"image\/jpeg\" \/>\n<meta name=\"twitter:card\" content=\"summary_large_image\" \/>\n<script type=\"application\/ld+json\" class=\"yoast-schema-graph\">{\"@context\":\"https:\/\/schema.org\",\"@graph\":[{\"@type\":[\"WebPage\",\"ItemPage\"],\"@id\":\"https:\/\/www.difrens.com\/en\/product\/womens-merino-rib-short-sleeve-t-shirt-powder-pink\/\",\"url\":\"https:\/\/www.difrens.com\/en\/product\/womens-merino-rib-short-sleeve-t-shirt-powder-pink\/\",\"name\":\"Women's merino rib short-sleeve T-shirt powder pink - difrens.com\",\"isPartOf\":{\"@id\":\"https:\/\/www.difrens.com\/en\/#website\"},\"primaryImageOfPage\":{\"@id\":\"https:\/\/www.difrens.com\/en\/product\/womens-merino-rib-short-sleeve-t-shirt-powder-pink\/#primaryimage\"},\"image\":{\"@id\":\"https:\/\/www.difrens.com\/en\/product\/womens-merino-rib-short-sleeve-t-shirt-powder-pink\/#primaryimage\"},\"thumbnailUrl\":\"https:\/\/www.difrens.com\/wp-content\/uploads\/2024\/05\/Navrhova-plocha-2Artboard-3.jpg\",\"datePublished\":\"2024-07-19T13:00:29+00:00\",\"dateModified\":\"2026-02-28T23:14:07+00:00\",\"breadcrumb\":{\"@id\":\"https:\/\/www.difrens.com\/en\/product\/womens-merino-rib-short-sleeve-t-shirt-powder-pink\/#breadcrumb\"},\"inLanguage\":\"en-US\",\"potentialAction\":[{\"@type\":\"ReadAction\",\"target\":[\"https:\/\/www.difrens.com\/en\/product\/womens-merino-rib-short-sleeve-t-shirt-powder-pink\/\"]}]},{\"@type\":\"ImageObject\",\"inLanguage\":\"en-US\",\"@id\":\"https:\/\/www.difrens.com\/en\/product\/womens-merino-rib-short-sleeve-t-shirt-powder-pink\/#primaryimage\",\"url\":\"https:\/\/www.difrens.com\/wp-content\/uploads\/2024\/05\/Navrhova-plocha-2Artboard-3.jpg\",\"contentUrl\":\"https:\/\/www.difrens.com\/wp-content\/uploads\/2024\/05\/Navrhova-plocha-2Artboard-3.jpg\",\"width\":857,\"height\":1102,\"caption\":\"D\u00e1mske merino tri\u010dko rebro s kr\u00e1tkym ruk\u00e1vom p\u00fadrovo ru\u017eov\u00e9\"},{\"@type\":\"BreadcrumbList\",\"@id\":\"https:\/\/www.difrens.com\/en\/product\/womens-merino-rib-short-sleeve-t-shirt-powder-pink\/#breadcrumb\",\"itemListElement\":[{\"@type\":\"ListItem\",\"position\":1,\"name\":\"difrens\",\"item\":\"https:\/\/www.difrens.com\/en\/\"},{\"@type\":\"ListItem\",\"position\":2,\"name\":\"Shop\",\"item\":\"https:\/\/www.difrens.com\/obchod\/\"},{\"@type\":\"ListItem\",\"position\":3,\"name\":\"Women&#8217;s merino rib short-sleeve T-shirt powder pink\"}]},{\"@type\":\"WebSite\",\"@id\":\"https:\/\/www.difrens.com\/en\/#website\",\"url\":\"https:\/\/www.difrens.com\/en\/\",\"name\":\"difrens.com\",\"description\":\"Elegantn\u00e9 a funk\u010dn\u00e9 merino oble\u010denie. Objavujte ka\u017edodenn\u00fa rozmanitos\u0165.\",\"publisher\":{\"@id\":\"https:\/\/www.difrens.com\/en\/#organization\"},\"potentialAction\":[{\"@type\":\"SearchAction\",\"target\":{\"@type\":\"EntryPoint\",\"urlTemplate\":\"https:\/\/www.difrens.com\/en\/?s={search_term_string}\"},\"query-input\":\"required name=search_term_string\"}],\"inLanguage\":\"en-US\"},{\"@type\":\"Organization\",\"@id\":\"https:\/\/www.difrens.com\/en\/#organization\",\"name\":\"SEASONSnow\",\"url\":\"https:\/\/www.difrens.com\/en\/\",\"logo\":{\"@type\":\"ImageObject\",\"inLanguage\":\"en-US\",\"@id\":\"https:\/\/www.difrens.com\/en\/#\/schema\/logo\/image\/\",\"url\":\"https:\/\/www.difrens.com\/wp-content\/uploads\/2022\/12\/seasonsonwlogo_cierne_napis.png\",\"contentUrl\":\"https:\/\/www.difrens.com\/wp-content\/uploads\/2022\/12\/seasonsonwlogo_cierne_napis.png\",\"width\":477,\"height\":492,\"caption\":\"SEASONSnow\"},\"image\":{\"@id\":\"https:\/\/www.difrens.com\/en\/#\/schema\/logo\/image\/\"},\"sameAs\":[\"https:\/\/www.facebook.com\/seasonsnow.eu\",\"https:\/\/www.instagram.com\/seasonsnow.eu\"]}]}<\/script>\n<!-- \/ Yoast SEO plugin. -->","yoast_head_json":{"title":"Women's merino rib short-sleeve T-shirt powder pink - difrens.com","robots":{"index":"index","follow":"follow","max-snippet":"max-snippet:-1","max-image-preview":"max-image-preview:large","max-video-preview":"max-video-preview:-1"},"canonical":"https:\/\/www.difrens.com\/en\/product\/womens-merino-rib-short-sleeve-t-shirt-powder-pink\/","og_locale":"en_US","og_type":"article","og_title":"Women's merino rib short-sleeve T-shirt powder pink - difrens.com","og_description":"Universal women's short-sleeve t-shirt made of 100% merino wool. It is made of extremely elastic rib knit, has a slim fit and endless year-round use. For sports, travel and new adventures as a base or main layer. It will also be your elegant minimalist piece to pair with trousers or a skirt.   Premium fabric | Free returns","og_url":"https:\/\/www.difrens.com\/en\/product\/womens-merino-rib-short-sleeve-t-shirt-powder-pink\/","og_site_name":"difrens.com","article_publisher":"https:\/\/www.facebook.com\/seasonsnow.eu","article_modified_time":"2026-02-28T23:14:07+00:00","og_image":[{"width":857,"height":1102,"url":"https:\/\/www.difrens.com\/wp-content\/uploads\/2024\/05\/Navrhova-plocha-2Artboard-3.jpg","type":"image\/jpeg"}],"twitter_card":"summary_large_image","schema":{"@context":"https:\/\/schema.org","@graph":[{"@type":["WebPage","ItemPage"],"@id":"https:\/\/www.difrens.com\/en\/product\/womens-merino-rib-short-sleeve-t-shirt-powder-pink\/","url":"https:\/\/www.difrens.com\/en\/product\/womens-merino-rib-short-sleeve-t-shirt-powder-pink\/","name":"Women's merino rib short-sleeve T-shirt powder pink - difrens.com","isPartOf":{"@id":"https:\/\/www.difrens.com\/en\/#website"},"primaryImageOfPage":{"@id":"https:\/\/www.difrens.com\/en\/product\/womens-merino-rib-short-sleeve-t-shirt-powder-pink\/#primaryimage"},"image":{"@id":"https:\/\/www.difrens.com\/en\/product\/womens-merino-rib-short-sleeve-t-shirt-powder-pink\/#primaryimage"},"thumbnailUrl":"https:\/\/www.difrens.com\/wp-content\/uploads\/2024\/05\/Navrhova-plocha-2Artboard-3.jpg","datePublished":"2024-07-19T13:00:29+00:00","dateModified":"2026-02-28T23:14:07+00:00","breadcrumb":{"@id":"https:\/\/www.difrens.com\/en\/product\/womens-merino-rib-short-sleeve-t-shirt-powder-pink\/#breadcrumb"},"inLanguage":"en-US","potentialAction":[{"@type":"ReadAction","target":["https:\/\/www.difrens.com\/en\/product\/womens-merino-rib-short-sleeve-t-shirt-powder-pink\/"]}]},{"@type":"ImageObject","inLanguage":"en-US","@id":"https:\/\/www.difrens.com\/en\/product\/womens-merino-rib-short-sleeve-t-shirt-powder-pink\/#primaryimage","url":"https:\/\/www.difrens.com\/wp-content\/uploads\/2024\/05\/Navrhova-plocha-2Artboard-3.jpg","contentUrl":"https:\/\/www.difrens.com\/wp-content\/uploads\/2024\/05\/Navrhova-plocha-2Artboard-3.jpg","width":857,"height":1102,"caption":"D\u00e1mske merino tri\u010dko rebro s kr\u00e1tkym ruk\u00e1vom p\u00fadrovo ru\u017eov\u00e9"},{"@type":"BreadcrumbList","@id":"https:\/\/www.difrens.com\/en\/product\/womens-merino-rib-short-sleeve-t-shirt-powder-pink\/#breadcrumb","itemListElement":[{"@type":"ListItem","position":1,"name":"difrens","item":"https:\/\/www.difrens.com\/en\/"},{"@type":"ListItem","position":2,"name":"Shop","item":"https:\/\/www.difrens.com\/obchod\/"},{"@type":"ListItem","position":3,"name":"Women&#8217;s merino rib short-sleeve T-shirt powder pink"}]},{"@type":"WebSite","@id":"https:\/\/www.difrens.com\/en\/#website","url":"https:\/\/www.difrens.com\/en\/","name":"difrens.com","description":"Elegantn\u00e9 a funk\u010dn\u00e9 merino oble\u010denie. Objavujte ka\u017edodenn\u00fa rozmanitos\u0165.","publisher":{"@id":"https:\/\/www.difrens.com\/en\/#organization"},"potentialAction":[{"@type":"SearchAction","target":{"@type":"EntryPoint","urlTemplate":"https:\/\/www.difrens.com\/en\/?s={search_term_string}"},"query-input":"required name=search_term_string"}],"inLanguage":"en-US"},{"@type":"Organization","@id":"https:\/\/www.difrens.com\/en\/#organization","name":"SEASONSnow","url":"https:\/\/www.difrens.com\/en\/","logo":{"@type":"ImageObject","inLanguage":"en-US","@id":"https:\/\/www.difrens.com\/en\/#\/schema\/logo\/image\/","url":"https:\/\/www.difrens.com\/wp-content\/uploads\/2022\/12\/seasonsonwlogo_cierne_napis.png","contentUrl":"https:\/\/www.difrens.com\/wp-content\/uploads\/2022\/12\/seasonsonwlogo_cierne_napis.png","width":477,"height":492,"caption":"SEASONSnow"},"image":{"@id":"https:\/\/www.difrens.com\/en\/#\/schema\/logo\/image\/"},"sameAs":["https:\/\/www.facebook.com\/seasonsnow.eu","https:\/\/www.instagram.com\/seasonsnow.eu"]}]}},"_links":{"self":[{"href":"https:\/\/www.difrens.com\/en\/wp-json\/wp\/v2\/product\/30867"}],"collection":[{"href":"https:\/\/www.difrens.com\/en\/wp-json\/wp\/v2\/product"}],"about":[{"href":"https:\/\/www.difrens.com\/en\/wp-json\/wp\/v2\/types\/product"}],"replies":[{"embeddable":true,"href":"https:\/\/www.difrens.com\/en\/wp-json\/wp\/v2\/comments?post=30867"}],"version-history":[{"count":0,"href":"https:\/\/www.difrens.com\/en\/wp-json\/wp\/v2\/product\/30867\/revisions"}],"wp:featuredmedia":[{"embeddable":true,"href":"https:\/\/www.difrens.com\/en\/wp-json\/wp\/v2\/media\/30868"}],"wp:attachment":[{"href":"https:\/\/www.difrens.com\/en\/wp-json\/wp\/v2\/media?parent=30867"}],"wp:term":[{"taxonomy":"product_cat","embeddable":true,"href":"https:\/\/www.difrens.com\/en\/wp-json\/wp\/v2\/product_cat?post=30867"},{"taxonomy":"product_tag","embeddable":true,"href":"https:\/\/www.difrens.com\/en\/wp-json\/wp\/v2\/product_tag?post=30867"}],"curies":[{"name":"wp","href":"https:\/\/api.w.org\/{rel}","templated":true}]}}