{"id":25777,"date":"2021-11-17T09:36:30","date_gmt":"2021-11-17T08:36:30","guid":{"rendered":"https:\/\/www.difrens.com\/my-account-3\/"},"modified":"2023-11-10T13:47:35","modified_gmt":"2023-11-10T12:47:35","slug":"my-account-3","status":"publish","type":"page","link":"https:\/\/www.difrens.com\/en\/my-account-3\/","title":{"rendered":"My Account"},"content":{"rendered":"<div class=\"woocommerce\"><div class=\"woocommerce-notices-wrapper\"><\/div>\n\n<div class=\"row\" id=\"customer_login\">\n\n\t<div class=\"col-md-5\">\n\n\t\t\n\t\t<div class=\"woocommerce-form-wrap woocommerce-form-has-background woocommerce-form-login-wrap\">\n\n\t\t\t<h2>Sign In<\/h2>\n\n\t\t\t<form class=\"woocommerce-form woocommerce-form-login login\" method=\"post\">\n\n\t\t\t\t\n\t\t\t\t<p class=\"woocommerce-form-row woocommerce-form-row--wide form-row form-row-wide\">\n\t\t\t\t\t<label for=\"username\">Username or email&nbsp;<span\n\t\t\t\t\t\t\tclass=\"required\">*<\/span><span class=\"screen-reader-text\">Required<\/span><\/label>\n\t\t\t\t\t<input type=\"text\" class=\"woocommerce-Input woocommerce-Input--text input-text\" name=\"username\"\n\t\t\t\t\t       id=\"username\" autocomplete=\"username\"\n\t\t\t\t\t       value=\"\" required aria-required=\"true\"\/>\t\t\t\t<\/p>\n\t\t\t\t<p class=\"woocommerce-form-row woocommerce-form-row--wide form-row form-row-wide woocommerce-form-password\">\n\t\t\t\t\t<label for=\"password\">Password&nbsp;<span\n\t\t\t\t\t\t\tclass=\"required\">*<\/span><span class=\"screen-reader-text\">Required<\/span><\/label>\n\t\t\t\t\t<input class=\"woocommerce-Input woocommerce-Input--text input-text\" type=\"password\" name=\"password\"\n\t\t\t\t\t       id=\"password\" autocomplete=\"current-password\" required aria-required=\"true\"\/>\n\t\t\t\t<\/p>\n\n\t\t\t\t\n\t\t\t\t<div class=\"woocommerce-form-row woocommerce-form-row--wide form-row form-row-wide row-flex row-middle\">\n\t\t\t\t\t<div class=\"col-grow\">\n\t\t\t\t\t\t<label\n\t\t\t\t\t\t\tclass=\"woocommerce-form__label woocommerce-form__label-for-checkbox woocommerce-form-login__rememberme\">\n\t\t\t\t\t\t\t<input class=\"woocommerce-form__input woocommerce-form__input-checkbox\" name=\"rememberme\"\n\t\t\t\t\t\t\t       type=\"checkbox\" id=\"rememberme\" value=\"forever\"\/>\n\t\t\t\t\t\t\t<span>Stay signed in<\/span>\n\t\t\t\t\t\t<\/label>\n\t\t\t\t\t<\/div>\n\t\t\t\t\t<div class=\"col-shrink woocommerce-LostPassword lost_password\">\n\t\t\t\t\t\t<a href=\"https:\/\/www.difrens.com\/en\/my-account-3\/lost-password\/\"\n\t\t\t\t\t\t   class=\"link-transition-02\">Forgot your password?<\/a>\n\t\t\t\t\t<\/div>\n\t\t\t\t<\/div>\n\n\t\t\t\t<input type=\"hidden\" id=\"woocommerce-login-nonce\" name=\"woocommerce-login-nonce\" value=\"2c113d7e01\" \/><input type=\"hidden\" name=\"_wp_http_referer\" value=\"\/en\/wp-json\/wp\/v2\/pages\/25777\" \/>\t\t\t\t<button type=\"submit\" class=\"woocommerce-button button woocommerce-form-login__submit \" name=\"login\"\n\t\t\t\t        value=\"Log in\">Log in<\/button>\n\n\t\t\t\t\n\t\t\t<\/form>\n\n\t\t<\/div>\n\n\t\t\n\t<\/div>\n\n\t<div class=\"col-md-6 col-md-push-1\">\n\n\t\t<div class=\"woocommerce-form-wrap woocommerce-form-register-wrap\">\n\n\t\t\t<h2>Sign Up<\/h2>\n\n\t\t\t<form method=\"post\"\n\t\t\t      class=\"woocommerce-form woocommerce-form-register register\"  >\n\n\t\t\t\t\t\t<p class=\"woocommerce-form-row woocommerce-form-row--first form-row form-row-first\">\n\t\t\t<label for=\"reg_billing_first_name\">First name\t\t\t\t<span class=\"required\">*<\/span><\/label>\n\t\t\t<input type=\"text\" class=\"input-text\" name=\"billing_first_name\" id=\"reg_billing_first_name\" value=\"\"\/>\n\t\t<\/p>\n\t\t<p class=\"woocommerce-form-row woocommerce-form-row--last form-row form-row-last\">\n\t\t\t<label for=\"reg_billing_last_name\">Last name\t\t\t\t<span class=\"required\">*<\/span><\/label>\n\t\t\t<input type=\"text\" class=\"input-text\" name=\"billing_last_name\" id=\"reg_billing_last_name\" value=\"\"\/>\n\t\t<\/p>\n\t\t<div class=\"clear\"><\/div>\n\t\t\n\t\t\t\t\n\t\t\t\t<p class=\"woocommerce-form-row woocommerce-form-row--wide form-row form-row-wide\">\n\t\t\t\t\t<label for=\"reg_email\">Email address&nbsp;<span\n\t\t\t\t\t\t\tclass=\"required\">*<\/span><span class=\"screen-reader-text\">Required<\/span><\/label>\n\t\t\t\t\t<input type=\"email\" class=\"woocommerce-Input woocommerce-Input--text input-text\" name=\"email\"\n\t\t\t\t\t       id=\"reg_email\" autocomplete=\"email\"\n\t\t\t\t\t       value=\"\" required aria-required=\"true\"\/>\t\t\t\t<\/p>\n\n\t\t\t\t\n\t\t\t\t\t<p>A link to set a new password will be sent to your email address.<\/p>\n\n\t\t\t\t\n\t\t\t\t<wc-order-attribution-inputs><\/wc-order-attribution-inputs><div class=\"woocommerce-privacy-policy-text\"><p>Your personal data will be used to support your experience throughout this website, to manage access to your account, and for other purposes described in our <a href=\"https:\/\/www.difrens.com\/zasady-ochrany-osobnych-udajov\/\" class=\"woocommerce-privacy-policy-link\" target=\"_blank\">privacy policy<\/a>.<\/p>\n<\/div>\n\t\t\t\t<p class=\"woocommerce-form-row form-row\">\n\t\t\t\t\t<input type=\"hidden\" id=\"woocommerce-register-nonce\" name=\"woocommerce-register-nonce\" value=\"01fd6f41f5\" \/><input type=\"hidden\" name=\"_wp_http_referer\" value=\"\/en\/wp-json\/wp\/v2\/pages\/25777\" \/>\t\t\t\t\t<button type=\"submit\"\n\t\t\t\t\t        class=\"woocommerce-Button woocommerce-button button woocommerce-form-register__submit\"\n\t\t\t\t\t        name=\"register\"\n\t\t\t\t\t        value=\"Register\">Register<\/button>\n\t\t\t\t<\/p>\n\n\t\t\t\t\n\t\t\t<\/form>\n\n\t\t<\/div>\n\n\t<\/div>\n\n<\/div>\n\n<\/div>","protected":false},"excerpt":{"rendered":"","protected":false},"author":1,"featured_media":0,"parent":0,"menu_order":0,"comment_status":"closed","ping_status":"closed","template":"","meta":{"_acf_changed":false,"_monsterinsights_skip_tracking":false,"_monsterinsights_sitenote_active":false,"_monsterinsights_sitenote_note":"","_monsterinsights_sitenote_category":0,"footnotes":""},"acf":[],"yoast_head":"<!-- This site is optimized with the Yoast SEO plugin v22.8 - https:\/\/yoast.com\/wordpress\/plugins\/seo\/ -->\n<title>My Account - difrens.com<\/title>\n<meta name=\"robots\" content=\"index, follow, max-snippet:-1, max-image-preview:large, max-video-preview:-1\" \/>\n<link rel=\"canonical\" href=\"https:\/\/www.difrens.com\/en\/my-account-3\/\" \/>\n<meta property=\"og:locale\" content=\"en_US\" \/>\n<meta property=\"og:type\" content=\"article\" \/>\n<meta property=\"og:title\" content=\"My Account - difrens.com\" \/>\n<meta property=\"og:url\" content=\"https:\/\/www.difrens.com\/en\/my-account-3\/\" \/>\n<meta property=\"og:site_name\" content=\"difrens.com\" \/>\n<meta property=\"article:publisher\" content=\"https:\/\/www.facebook.com\/seasonsnow.eu\" \/>\n<meta property=\"article:modified_time\" content=\"2023-11-10T12:47:35+00:00\" \/>\n<meta property=\"og:image\" content=\"https:\/\/www.difrens.com\/wp-content\/uploads\/2022\/12\/seasonsnow-o-nas.jpg\" \/>\n\t<meta property=\"og:image:width\" content=\"2376\" \/>\n\t<meta property=\"og:image:height\" content=\"1584\" \/>\n\t<meta property=\"og:image:type\" content=\"image\/jpeg\" \/>\n<meta name=\"twitter:card\" content=\"summary_large_image\" \/>\n<script type=\"application\/ld+json\" class=\"yoast-schema-graph\">{\"@context\":\"https:\/\/schema.org\",\"@graph\":[{\"@type\":\"WebPage\",\"@id\":\"https:\/\/www.difrens.com\/en\/my-account-3\/\",\"url\":\"https:\/\/www.difrens.com\/en\/my-account-3\/\",\"name\":\"My Account - difrens.com\",\"isPartOf\":{\"@id\":\"https:\/\/www.difrens.com\/en\/#website\"},\"datePublished\":\"2021-11-17T08:36:30+00:00\",\"dateModified\":\"2023-11-10T12:47:35+00:00\",\"breadcrumb\":{\"@id\":\"https:\/\/www.difrens.com\/en\/my-account-3\/#breadcrumb\"},\"inLanguage\":\"en-US\",\"potentialAction\":[{\"@type\":\"ReadAction\",\"target\":[\"https:\/\/www.difrens.com\/en\/my-account-3\/\"]}]},{\"@type\":\"BreadcrumbList\",\"@id\":\"https:\/\/www.difrens.com\/en\/my-account-3\/#breadcrumb\",\"itemListElement\":[{\"@type\":\"ListItem\",\"position\":1,\"name\":\"difrens\",\"item\":\"https:\/\/www.difrens.com\/en\/\"},{\"@type\":\"ListItem\",\"position\":2,\"name\":\"My Account\"}]},{\"@type\":\"WebSite\",\"@id\":\"https:\/\/www.difrens.com\/en\/#website\",\"url\":\"https:\/\/www.difrens.com\/en\/\",\"name\":\"difrens.com\",\"description\":\"Elegantn\u00e9 a funk\u010dn\u00e9 merino oble\u010denie. Objavujte ka\u017edodenn\u00fa rozmanitos\u0165.\",\"publisher\":{\"@id\":\"https:\/\/www.difrens.com\/en\/#organization\"},\"potentialAction\":[{\"@type\":\"SearchAction\",\"target\":{\"@type\":\"EntryPoint\",\"urlTemplate\":\"https:\/\/www.difrens.com\/en\/?s={search_term_string}\"},\"query-input\":\"required name=search_term_string\"}],\"inLanguage\":\"en-US\"},{\"@type\":\"Organization\",\"@id\":\"https:\/\/www.difrens.com\/en\/#organization\",\"name\":\"SEASONSnow\",\"url\":\"https:\/\/www.difrens.com\/en\/\",\"logo\":{\"@type\":\"ImageObject\",\"inLanguage\":\"en-US\",\"@id\":\"https:\/\/www.difrens.com\/en\/#\/schema\/logo\/image\/\",\"url\":\"https:\/\/www.difrens.com\/wp-content\/uploads\/2022\/12\/seasonsonwlogo_cierne_napis.png\",\"contentUrl\":\"https:\/\/www.difrens.com\/wp-content\/uploads\/2022\/12\/seasonsonwlogo_cierne_napis.png\",\"width\":477,\"height\":492,\"caption\":\"SEASONSnow\"},\"image\":{\"@id\":\"https:\/\/www.difrens.com\/en\/#\/schema\/logo\/image\/\"},\"sameAs\":[\"https:\/\/www.facebook.com\/seasonsnow.eu\",\"https:\/\/www.instagram.com\/seasonsnow.eu\"]}]}<\/script>\n<!-- \/ Yoast SEO plugin. -->","yoast_head_json":{"title":"My Account - difrens.com","robots":{"index":"index","follow":"follow","max-snippet":"max-snippet:-1","max-image-preview":"max-image-preview:large","max-video-preview":"max-video-preview:-1"},"canonical":"https:\/\/www.difrens.com\/en\/my-account-3\/","og_locale":"en_US","og_type":"article","og_title":"My Account - difrens.com","og_url":"https:\/\/www.difrens.com\/en\/my-account-3\/","og_site_name":"difrens.com","article_publisher":"https:\/\/www.facebook.com\/seasonsnow.eu","article_modified_time":"2023-11-10T12:47:35+00:00","og_image":[{"width":2376,"height":1584,"url":"https:\/\/www.difrens.com\/wp-content\/uploads\/2022\/12\/seasonsnow-o-nas.jpg","type":"image\/jpeg"}],"twitter_card":"summary_large_image","schema":{"@context":"https:\/\/schema.org","@graph":[{"@type":"WebPage","@id":"https:\/\/www.difrens.com\/en\/my-account-3\/","url":"https:\/\/www.difrens.com\/en\/my-account-3\/","name":"My Account - difrens.com","isPartOf":{"@id":"https:\/\/www.difrens.com\/en\/#website"},"datePublished":"2021-11-17T08:36:30+00:00","dateModified":"2023-11-10T12:47:35+00:00","breadcrumb":{"@id":"https:\/\/www.difrens.com\/en\/my-account-3\/#breadcrumb"},"inLanguage":"en-US","potentialAction":[{"@type":"ReadAction","target":["https:\/\/www.difrens.com\/en\/my-account-3\/"]}]},{"@type":"BreadcrumbList","@id":"https:\/\/www.difrens.com\/en\/my-account-3\/#breadcrumb","itemListElement":[{"@type":"ListItem","position":1,"name":"difrens","item":"https:\/\/www.difrens.com\/en\/"},{"@type":"ListItem","position":2,"name":"My Account"}]},{"@type":"WebSite","@id":"https:\/\/www.difrens.com\/en\/#website","url":"https:\/\/www.difrens.com\/en\/","name":"difrens.com","description":"Elegantn\u00e9 a funk\u010dn\u00e9 merino oble\u010denie. Objavujte ka\u017edodenn\u00fa rozmanitos\u0165.","publisher":{"@id":"https:\/\/www.difrens.com\/en\/#organization"},"potentialAction":[{"@type":"SearchAction","target":{"@type":"EntryPoint","urlTemplate":"https:\/\/www.difrens.com\/en\/?s={search_term_string}"},"query-input":"required name=search_term_string"}],"inLanguage":"en-US"},{"@type":"Organization","@id":"https:\/\/www.difrens.com\/en\/#organization","name":"SEASONSnow","url":"https:\/\/www.difrens.com\/en\/","logo":{"@type":"ImageObject","inLanguage":"en-US","@id":"https:\/\/www.difrens.com\/en\/#\/schema\/logo\/image\/","url":"https:\/\/www.difrens.com\/wp-content\/uploads\/2022\/12\/seasonsonwlogo_cierne_napis.png","contentUrl":"https:\/\/www.difrens.com\/wp-content\/uploads\/2022\/12\/seasonsonwlogo_cierne_napis.png","width":477,"height":492,"caption":"SEASONSnow"},"image":{"@id":"https:\/\/www.difrens.com\/en\/#\/schema\/logo\/image\/"},"sameAs":["https:\/\/www.facebook.com\/seasonsnow.eu","https:\/\/www.instagram.com\/seasonsnow.eu"]}]}},"_links":{"self":[{"href":"https:\/\/www.difrens.com\/en\/wp-json\/wp\/v2\/pages\/25777"}],"collection":[{"href":"https:\/\/www.difrens.com\/en\/wp-json\/wp\/v2\/pages"}],"about":[{"href":"https:\/\/www.difrens.com\/en\/wp-json\/wp\/v2\/types\/page"}],"author":[{"embeddable":true,"href":"https:\/\/www.difrens.com\/en\/wp-json\/wp\/v2\/users\/1"}],"replies":[{"embeddable":true,"href":"https:\/\/www.difrens.com\/en\/wp-json\/wp\/v2\/comments?post=25777"}],"version-history":[{"count":1,"href":"https:\/\/www.difrens.com\/en\/wp-json\/wp\/v2\/pages\/25777\/revisions"}],"predecessor-version":[{"id":29881,"href":"https:\/\/www.difrens.com\/en\/wp-json\/wp\/v2\/pages\/25777\/revisions\/29881"}],"wp:attachment":[{"href":"https:\/\/www.difrens.com\/en\/wp-json\/wp\/v2\/media?parent=25777"}],"curies":[{"name":"wp","href":"https:\/\/api.w.org\/{rel}","templated":true}]}}